{"id":8041,"date":"2025-08-19T17:05:24","date_gmt":"2025-08-19T20:05:24","guid":{"rendered":"https:\/\/humboldtdistribucion.com.ar\/alimentos\/producto\/mozzarella-dona-delia-x-10-kg\/"},"modified":"2026-01-28T16:24:54","modified_gmt":"2026-01-28T19:24:54","slug":"mozzarella-dona-delia-x-10-kg","status":"publish","type":"product","link":"https:\/\/humboldtdistribucion.com.ar\/alimentos\/producto\/mozzarella-dona-delia-x-10-kg\/","title":{"rendered":"MOZZARELLA DONA DELIA X 10 KG"},"content":{"rendered":"","protected":false},"excerpt":{"rendered":"","protected":false},"featured_media":8697,"comment_status":"open","ping_status":"closed","template":"","meta":{"site-sidebar-layout":"default","site-content-layout":"","ast-site-content-layout":"","site-content-style":"default","site-sidebar-style":"default","ast-global-header-display":"","ast-banner-title-visibility":"","ast-main-header-display":"","ast-hfb-above-header-display":"","ast-hfb-below-header-display":"","ast-hfb-mobile-header-display":"","site-post-title":"","ast-breadcrumbs-content":"","ast-featured-img":"","footer-sml-layout":"","theme-transparent-header-meta":"","adv-header-id-meta":"","stick-header-meta":"","header-above-stick-meta":"","header-main-stick-meta":"","header-below-stick-meta":"","astra-migrate-meta-layouts":"default","ast-page-background-enabled":"default","ast-page-background-meta":{"desktop":{"background-color":"","background-image":"","background-repeat":"repeat","background-position":"center center","background-size":"auto","background-attachment":"scroll","background-type":"","background-media":"","overlay-type":"","overlay-color":"","overlay-opacity":"","overlay-gradient":""},"tablet":{"background-color":"","background-image":"","background-repeat":"repeat","background-position":"center center","background-size":"auto","background-attachment":"scroll","background-type":"","background-media":"","overlay-type":"","overlay-color":"","overlay-opacity":"","overlay-gradient":""},"mobile":{"background-color":"","background-image":"","background-repeat":"repeat","background-position":"center center","background-size":"auto","background-attachment":"scroll","background-type":"","background-media":"","overlay-type":"","overlay-color":"","overlay-opacity":"","overlay-gradient":""}},"ast-content-background-meta":{"desktop":{"background-color":"var(--ast-global-color-5)","background-image":"","background-repeat":"repeat","background-position":"center center","background-size":"auto","background-attachment":"scroll","background-type":"","background-media":"","overlay-type":"","overlay-color":"","overlay-opacity":"","overlay-gradient":""},"tablet":{"background-color":"var(--ast-global-color-5)","background-image":"","background-repeat":"repeat","background-position":"center center","background-size":"auto","background-attachment":"scroll","background-type":"","background-media":"","overlay-type":"","overlay-color":"","overlay-opacity":"","overlay-gradient":""},"mobile":{"background-color":"var(--ast-global-color-5)","background-image":"","background-repeat":"repeat","background-position":"center center","background-size":"auto","background-attachment":"scroll","background-type":"","background-media":"","overlay-type":"","overlay-color":"","overlay-opacity":"","overlay-gradient":""}}},"product_cat":[159],"product_tag":[],"class_list":{"0":"post-8041","1":"product","2":"type-product","3":"status-publish","4":"has-post-thumbnail","6":"product_cat-futura","7":"desktop-align-center","8":"tablet-align-left","9":"mobile-align-center","11":"first","12":"instock","13":"shipping-taxable","14":"purchasable","15":"product-type-simple"},"yoast_head":"<!-- This site is optimized with the Yoast SEO plugin v24.1 - https:\/\/yoast.com\/wordpress\/plugins\/seo\/ -->\n<title>MOZZARELLA DONA DELIA X 10 KG<\/title>\n<meta name=\"robots\" content=\"index, follow, max-snippet:-1, max-image-preview:large, max-video-preview:-1\" \/>\n<link rel=\"canonical\" href=\"https:\/\/humboldtdistribucion.com.ar\/alimentos\/producto\/mozzarella-dona-delia-x-10-kg\/\" \/>\n<meta property=\"og:locale\" content=\"es_ES\" \/>\n<meta property=\"og:type\" content=\"article\" \/>\n<meta property=\"og:title\" content=\"MOZZARELLA DONA DELIA X 10 KG\" \/>\n<meta property=\"og:url\" content=\"https:\/\/humboldtdistribucion.com.ar\/alimentos\/producto\/mozzarella-dona-delia-x-10-kg\/\" \/>\n<meta property=\"og:site_name\" content=\"Humboldt Distribuci\u00f3n\" \/>\n<meta property=\"article:modified_time\" content=\"2026-01-28T19:24:54+00:00\" \/>\n<meta property=\"og:image\" content=\"https:\/\/humboldtdistribucion.com.ar\/alimentos\/wp-content\/uploads\/2025\/09\/4.jpg\" \/>\n\t<meta property=\"og:image:width\" content=\"201\" \/>\n\t<meta property=\"og:image:height\" content=\"251\" \/>\n\t<meta property=\"og:image:type\" content=\"image\/jpeg\" \/>\n<meta name=\"twitter:card\" content=\"summary_large_image\" \/>\n<script type=\"application\/ld+json\" class=\"yoast-schema-graph\">{\"@context\":\"https:\/\/schema.org\",\"@graph\":[{\"@type\":\"WebPage\",\"@id\":\"https:\/\/humboldtdistribucion.com.ar\/alimentos\/producto\/mozzarella-dona-delia-x-10-kg\/\",\"url\":\"https:\/\/humboldtdistribucion.com.ar\/alimentos\/producto\/mozzarella-dona-delia-x-10-kg\/\",\"name\":\"MOZZARELLA DONA DELIA X 10 KG\",\"isPartOf\":{\"@id\":\"https:\/\/humboldtdistribucion.com.ar\/alimentos\/#website\"},\"primaryImageOfPage\":{\"@id\":\"https:\/\/humboldtdistribucion.com.ar\/alimentos\/producto\/mozzarella-dona-delia-x-10-kg\/#primaryimage\"},\"image\":{\"@id\":\"https:\/\/humboldtdistribucion.com.ar\/alimentos\/producto\/mozzarella-dona-delia-x-10-kg\/#primaryimage\"},\"thumbnailUrl\":\"https:\/\/humboldtdistribucion.com.ar\/alimentos\/wp-content\/uploads\/2025\/09\/4.jpg\",\"datePublished\":\"2025-08-19T20:05:24+00:00\",\"dateModified\":\"2026-01-28T19:24:54+00:00\",\"breadcrumb\":{\"@id\":\"https:\/\/humboldtdistribucion.com.ar\/alimentos\/producto\/mozzarella-dona-delia-x-10-kg\/#breadcrumb\"},\"inLanguage\":\"es-AR\",\"potentialAction\":[{\"@type\":\"ReadAction\",\"target\":[\"https:\/\/humboldtdistribucion.com.ar\/alimentos\/producto\/mozzarella-dona-delia-x-10-kg\/\"]}]},{\"@type\":\"ImageObject\",\"inLanguage\":\"es-AR\",\"@id\":\"https:\/\/humboldtdistribucion.com.ar\/alimentos\/producto\/mozzarella-dona-delia-x-10-kg\/#primaryimage\",\"url\":\"https:\/\/humboldtdistribucion.com.ar\/alimentos\/wp-content\/uploads\/2025\/09\/4.jpg\",\"contentUrl\":\"https:\/\/humboldtdistribucion.com.ar\/alimentos\/wp-content\/uploads\/2025\/09\/4.jpg\",\"width\":201,\"height\":251},{\"@type\":\"BreadcrumbList\",\"@id\":\"https:\/\/humboldtdistribucion.com.ar\/alimentos\/producto\/mozzarella-dona-delia-x-10-kg\/#breadcrumb\",\"itemListElement\":[{\"@type\":\"ListItem\",\"position\":1,\"name\":\"Inicio\",\"item\":\"https:\/\/humboldtdistribucion.com.ar\/alimentos\/\"},{\"@type\":\"ListItem\",\"position\":2,\"name\":\"Todos nuestros productos\",\"item\":\"https:\/\/humboldtdistribucion.com.ar\/alimentos\/tienda-2\/\"},{\"@type\":\"ListItem\",\"position\":3,\"name\":\"MOZZARELLA DONA DELIA X 10 KG\"}]},{\"@type\":\"WebSite\",\"@id\":\"https:\/\/humboldtdistribucion.com.ar\/alimentos\/#website\",\"url\":\"https:\/\/humboldtdistribucion.com.ar\/alimentos\/\",\"name\":\"Humboldt Distribuci\u00f3n\",\"description\":\"Humboldt Distribucion es aliado perfecto en el mundo de la gastronom\u00eda. Nuestro amplio cat\u00e1logo de fiambres, quesos, dulces, aceites y harina garantizan la m\u00e1xima calidad y frescura en cada entrega.\",\"publisher\":{\"@id\":\"https:\/\/humboldtdistribucion.com.ar\/alimentos\/#organization\"},\"alternateName\":\"Humboldt Distribucion\",\"potentialAction\":[{\"@type\":\"SearchAction\",\"target\":{\"@type\":\"EntryPoint\",\"urlTemplate\":\"https:\/\/humboldtdistribucion.com.ar\/alimentos\/?s={search_term_string}\"},\"query-input\":{\"@type\":\"PropertyValueSpecification\",\"valueRequired\":true,\"valueName\":\"search_term_string\"}}],\"inLanguage\":\"es-AR\"},{\"@type\":\"Organization\",\"@id\":\"https:\/\/humboldtdistribucion.com.ar\/alimentos\/#organization\",\"name\":\"Humboldt Distribucion\",\"alternateName\":\"Humboldt\",\"url\":\"https:\/\/humboldtdistribucion.com.ar\/alimentos\/\",\"logo\":{\"@type\":\"ImageObject\",\"inLanguage\":\"es-AR\",\"@id\":\"https:\/\/humboldtdistribucion.com.ar\/alimentos\/#\/schema\/logo\/image\/\",\"url\":\"https:\/\/humboldtdistribucion.com.ar\/alimentos\/wp-content\/uploads\/2023\/05\/Anadir-un-poco-de-texto-2.png\",\"contentUrl\":\"https:\/\/humboldtdistribucion.com.ar\/alimentos\/wp-content\/uploads\/2023\/05\/Anadir-un-poco-de-texto-2.png\",\"width\":500,\"height\":500,\"caption\":\"Humboldt Distribucion\"},\"image\":{\"@id\":\"https:\/\/humboldtdistribucion.com.ar\/alimentos\/#\/schema\/logo\/image\/\"}}]}<\/script>\n<!-- \/ Yoast SEO plugin. -->","yoast_head_json":{"title":"MOZZARELLA DONA DELIA X 10 KG","robots":{"index":"index","follow":"follow","max-snippet":"max-snippet:-1","max-image-preview":"max-image-preview:large","max-video-preview":"max-video-preview:-1"},"canonical":"https:\/\/humboldtdistribucion.com.ar\/alimentos\/producto\/mozzarella-dona-delia-x-10-kg\/","og_locale":"es_ES","og_type":"article","og_title":"MOZZARELLA DONA DELIA X 10 KG","og_url":"https:\/\/humboldtdistribucion.com.ar\/alimentos\/producto\/mozzarella-dona-delia-x-10-kg\/","og_site_name":"Humboldt Distribuci\u00f3n","article_modified_time":"2026-01-28T19:24:54+00:00","og_image":[{"width":201,"height":251,"url":"https:\/\/humboldtdistribucion.com.ar\/alimentos\/wp-content\/uploads\/2025\/09\/4.jpg","type":"image\/jpeg"}],"twitter_card":"summary_large_image","schema":{"@context":"https:\/\/schema.org","@graph":[{"@type":"WebPage","@id":"https:\/\/humboldtdistribucion.com.ar\/alimentos\/producto\/mozzarella-dona-delia-x-10-kg\/","url":"https:\/\/humboldtdistribucion.com.ar\/alimentos\/producto\/mozzarella-dona-delia-x-10-kg\/","name":"MOZZARELLA DONA DELIA X 10 KG","isPartOf":{"@id":"https:\/\/humboldtdistribucion.com.ar\/alimentos\/#website"},"primaryImageOfPage":{"@id":"https:\/\/humboldtdistribucion.com.ar\/alimentos\/producto\/mozzarella-dona-delia-x-10-kg\/#primaryimage"},"image":{"@id":"https:\/\/humboldtdistribucion.com.ar\/alimentos\/producto\/mozzarella-dona-delia-x-10-kg\/#primaryimage"},"thumbnailUrl":"https:\/\/humboldtdistribucion.com.ar\/alimentos\/wp-content\/uploads\/2025\/09\/4.jpg","datePublished":"2025-08-19T20:05:24+00:00","dateModified":"2026-01-28T19:24:54+00:00","breadcrumb":{"@id":"https:\/\/humboldtdistribucion.com.ar\/alimentos\/producto\/mozzarella-dona-delia-x-10-kg\/#breadcrumb"},"inLanguage":"es-AR","potentialAction":[{"@type":"ReadAction","target":["https:\/\/humboldtdistribucion.com.ar\/alimentos\/producto\/mozzarella-dona-delia-x-10-kg\/"]}]},{"@type":"ImageObject","inLanguage":"es-AR","@id":"https:\/\/humboldtdistribucion.com.ar\/alimentos\/producto\/mozzarella-dona-delia-x-10-kg\/#primaryimage","url":"https:\/\/humboldtdistribucion.com.ar\/alimentos\/wp-content\/uploads\/2025\/09\/4.jpg","contentUrl":"https:\/\/humboldtdistribucion.com.ar\/alimentos\/wp-content\/uploads\/2025\/09\/4.jpg","width":201,"height":251},{"@type":"BreadcrumbList","@id":"https:\/\/humboldtdistribucion.com.ar\/alimentos\/producto\/mozzarella-dona-delia-x-10-kg\/#breadcrumb","itemListElement":[{"@type":"ListItem","position":1,"name":"Inicio","item":"https:\/\/humboldtdistribucion.com.ar\/alimentos\/"},{"@type":"ListItem","position":2,"name":"Todos nuestros productos","item":"https:\/\/humboldtdistribucion.com.ar\/alimentos\/tienda-2\/"},{"@type":"ListItem","position":3,"name":"MOZZARELLA DONA DELIA X 10 KG"}]},{"@type":"WebSite","@id":"https:\/\/humboldtdistribucion.com.ar\/alimentos\/#website","url":"https:\/\/humboldtdistribucion.com.ar\/alimentos\/","name":"Humboldt Distribuci\u00f3n","description":"Humboldt Distribucion es aliado perfecto en el mundo de la gastronom\u00eda. Nuestro amplio cat\u00e1logo de fiambres, quesos, dulces, aceites y harina garantizan la m\u00e1xima calidad y frescura en cada entrega.","publisher":{"@id":"https:\/\/humboldtdistribucion.com.ar\/alimentos\/#organization"},"alternateName":"Humboldt Distribucion","potentialAction":[{"@type":"SearchAction","target":{"@type":"EntryPoint","urlTemplate":"https:\/\/humboldtdistribucion.com.ar\/alimentos\/?s={search_term_string}"},"query-input":{"@type":"PropertyValueSpecification","valueRequired":true,"valueName":"search_term_string"}}],"inLanguage":"es-AR"},{"@type":"Organization","@id":"https:\/\/humboldtdistribucion.com.ar\/alimentos\/#organization","name":"Humboldt Distribucion","alternateName":"Humboldt","url":"https:\/\/humboldtdistribucion.com.ar\/alimentos\/","logo":{"@type":"ImageObject","inLanguage":"es-AR","@id":"https:\/\/humboldtdistribucion.com.ar\/alimentos\/#\/schema\/logo\/image\/","url":"https:\/\/humboldtdistribucion.com.ar\/alimentos\/wp-content\/uploads\/2023\/05\/Anadir-un-poco-de-texto-2.png","contentUrl":"https:\/\/humboldtdistribucion.com.ar\/alimentos\/wp-content\/uploads\/2023\/05\/Anadir-un-poco-de-texto-2.png","width":500,"height":500,"caption":"Humboldt Distribucion"},"image":{"@id":"https:\/\/humboldtdistribucion.com.ar\/alimentos\/#\/schema\/logo\/image\/"}}]}},"_links":{"self":[{"href":"https:\/\/humboldtdistribucion.com.ar\/alimentos\/wp-json\/wp\/v2\/product\/8041","targetHints":{"allow":["GET"]}}],"collection":[{"href":"https:\/\/humboldtdistribucion.com.ar\/alimentos\/wp-json\/wp\/v2\/product"}],"about":[{"href":"https:\/\/humboldtdistribucion.com.ar\/alimentos\/wp-json\/wp\/v2\/types\/product"}],"replies":[{"embeddable":true,"href":"https:\/\/humboldtdistribucion.com.ar\/alimentos\/wp-json\/wp\/v2\/comments?post=8041"}],"version-history":[{"count":1,"href":"https:\/\/humboldtdistribucion.com.ar\/alimentos\/wp-json\/wp\/v2\/product\/8041\/revisions"}],"predecessor-version":[{"id":8434,"href":"https:\/\/humboldtdistribucion.com.ar\/alimentos\/wp-json\/wp\/v2\/product\/8041\/revisions\/8434"}],"wp:featuredmedia":[{"embeddable":true,"href":"https:\/\/humboldtdistribucion.com.ar\/alimentos\/wp-json\/wp\/v2\/media\/8697"}],"wp:attachment":[{"href":"https:\/\/humboldtdistribucion.com.ar\/alimentos\/wp-json\/wp\/v2\/media?parent=8041"}],"wp:term":[{"taxonomy":"product_cat","embeddable":true,"href":"https:\/\/humboldtdistribucion.com.ar\/alimentos\/wp-json\/wp\/v2\/product_cat?post=8041"},{"taxonomy":"product_tag","embeddable":true,"href":"https:\/\/humboldtdistribucion.com.ar\/alimentos\/wp-json\/wp\/v2\/product_tag?post=8041"}],"curies":[{"name":"wp","href":"https:\/\/api.w.org\/{rel}","templated":true}]}}